{"id":1447,"date":"2020-05-15T19:39:27","date_gmt":"2020-05-15T22:39:27","guid":{"rendered":"https:\/\/casademaria.org.br\/?page_id=1447"},"modified":"2020-11-28T13:35:06","modified_gmt":"2020-11-28T16:35:06","slug":"ajude-a-casa","status":"publish","type":"page","link":"https:\/\/casademaria.org.br\/index.php\/ajude-a-casa\/","title":{"rendered":"Ajude a Casa de Maria"},"content":{"rendered":"\t\t<div data-elementor-type=\"wp-post\" data-elementor-id=\"1447\" class=\"elementor elementor-1447\">\n\t\t\t\t\t\t<section class=\"elementor-section elementor-top-section elementor-element elementor-element-252c68a elementor-section-boxed elementor-section-height-default elementor-section-height-default\" data-id=\"252c68a\" data-element_type=\"section\">\n\t\t\t\t\t\t<div class=\"elementor-container elementor-column-gap-default\">\n\t\t\t\t\t<div class=\"elementor-column elementor-col-100 elementor-top-column elementor-element elementor-element-1352a0d\" data-id=\"1352a0d\" data-element_type=\"column\">\n\t\t\t<div class=\"elementor-widget-wrap elementor-element-populated\">\n\t\t\t\t\t\t<div class=\"elementor-element elementor-element-37f2a07 elementor-widget elementor-widget-heading\" data-id=\"37f2a07\" data-element_type=\"widget\" data-widget_type=\"heading.default\">\n\t\t\t\t<div class=\"elementor-widget-container\">\n\t\t\t\t\t<h2 class=\"elementor-heading-title elementor-size-default\">A Casa de Maria precisa de sua ajuda!<\/h2>\t\t\t\t<\/div>\n\t\t\t\t<\/div>\n\t\t\t\t<div class=\"elementor-element elementor-element-a92d396 elementor-widget elementor-widget-text-editor\" data-id=\"a92d396\" data-element_type=\"widget\" data-widget_type=\"text-editor.default\">\n\t\t\t\t<div class=\"elementor-widget-container\">\n\t\t\t\t\t\t\t\t\t<p>A Casa de Maria, como todas as Associa\u00e7\u00f5es que n\u00e3o visam fins lucrativos e sim o bem-estar as pessoas, vive da caridade do mais sens\u00edvel a causa.<\/p><p>Se voc\u00ea chegou at\u00e9 aqui, muito obrigado, \u00e9 um sinal que podemos contar com voc\u00ea, temos 3 modalidades de doa\u00e7\u00e3o:<\/p><ul><li>Na primeira op\u00e7\u00e3o voc\u00ea pode nos ajudar por meio de doa\u00e7\u00e3o usando seu cart\u00e3o de cr\u00e9dito, uma \u00fanica vez, sem v\u00ednculos mensais;<\/li><li>A segunda delas \u00e9 se tornando \u201cAgente da Paz\u201d assumindo um compromisso mais duradouro, com ajudas mensais.<\/li><li>E por fim realizar um deposito banc\u00e1rio.<\/li><\/ul><p>Nos bot\u00f5es abaixo voc\u00ea encontra a forma mais confort\u00e1vel diante de sua op\u00e7\u00e3o e comodidade, saiba que aquele que ajuda uma obra de evangeliza\u00e7\u00e3o tem m\u00e9ritos de evangelizador. Contamos com voc\u00ea.<\/p>\t\t\t\t\t\t\t\t<\/div>\n\t\t\t\t<\/div>\n\t\t\t\t\t<\/div>\n\t\t<\/div>\n\t\t\t\t\t<\/div>\n\t\t<\/section>\n\t\t\t\t<section class=\"elementor-section elementor-top-section elementor-element elementor-element-930a7ad elementor-section-boxed elementor-section-height-default elementor-section-height-default\" data-id=\"930a7ad\" data-element_type=\"section\">\n\t\t\t\t\t\t<div class=\"elementor-container elementor-column-gap-default\">\n\t\t\t\t\t<div class=\"elementor-column elementor-col-100 elementor-top-column elementor-element elementor-element-a1d541f\" data-id=\"a1d541f\" data-element_type=\"column\">\n\t\t\t<div class=\"elementor-widget-wrap elementor-element-populated\">\n\t\t\t\t\t\t<div class=\"elementor-element elementor-element-3a98721 elementor-widget-divider--view-line elementor-widget elementor-widget-divider\" data-id=\"3a98721\" data-element_type=\"widget\" data-widget_type=\"divider.default\">\n\t\t\t\t<div class=\"elementor-widget-container\">\n\t\t\t\t\t\t\t<div class=\"elementor-divider\">\n\t\t\t<span class=\"elementor-divider-separator\">\n\t\t\t\t\t\t<\/span>\n\t\t<\/div>\n\t\t\t\t\t\t<\/div>\n\t\t\t\t<\/div>\n\t\t\t\t\t<\/div>\n\t\t<\/div>\n\t\t\t\t\t<\/div>\n\t\t<\/section>\n\t\t\t\t<section class=\"elementor-section elementor-top-section elementor-element elementor-element-ab83b10 elementor-section-boxed elementor-section-height-default elementor-section-height-default\" data-id=\"ab83b10\" data-element_type=\"section\">\n\t\t\t\t\t\t<div class=\"elementor-container elementor-column-gap-default\">\n\t\t\t\t\t<div class=\"elementor-column elementor-col-50 elementor-top-column elementor-element elementor-element-17e3362\" data-id=\"17e3362\" data-element_type=\"column\">\n\t\t\t<div class=\"elementor-widget-wrap elementor-element-populated\">\n\t\t\t\t\t\t<div class=\"elementor-element elementor-element-32630c8 elementor-button-info elementor-align-center animated-slow elementor-invisible elementor-widget elementor-widget-button\" data-id=\"32630c8\" data-element_type=\"widget\" data-settings=\"{&quot;_animation&quot;:&quot;bounceIn&quot;,&quot;_animation_delay&quot;:300}\" data-widget_type=\"button.default\">\n\t\t\t\t<div class=\"elementor-widget-container\">\n\t\t\t\t\t\t\t\t\t<div class=\"elementor-button-wrapper\">\n\t\t\t\t\t<a class=\"elementor-button elementor-button-link elementor-size-md\" href=\"https:\/\/casademaria.org.br\/index.php\/https:\/\/casademaria.org.br\/index.php\/ajude-a-casa\/#deposito\">\n\t\t\t\t\t\t<span class=\"elementor-button-content-wrapper\">\n\t\t\t\t\t\t<span class=\"elementor-button-icon\">\n\t\t\t\t<i aria-hidden=\"true\" class=\"fas fa-money-bill-alt\"><\/i>\t\t\t<\/span>\n\t\t\t\t\t\t\t\t\t<span class=\"elementor-button-text\">Dep\u00f3sito banc\u00e1rio<\/span>\n\t\t\t\t\t<\/span>\n\t\t\t\t\t<\/a>\n\t\t\t\t<\/div>\n\t\t\t\t\t\t\t\t<\/div>\n\t\t\t\t<\/div>\n\t\t\t\t\t<\/div>\n\t\t<\/div>\n\t\t\t\t<div class=\"elementor-column elementor-col-50 elementor-top-column elementor-element elementor-element-3e4ce75\" data-id=\"3e4ce75\" data-element_type=\"column\">\n\t\t\t<div class=\"elementor-widget-wrap elementor-element-populated\">\n\t\t\t\t\t\t<div class=\"elementor-element elementor-element-8bdb7e7 elementor-button-info elementor-align-center animated-slow elementor-invisible elementor-widget elementor-widget-button\" data-id=\"8bdb7e7\" data-element_type=\"widget\" data-settings=\"{&quot;_animation&quot;:&quot;bounceIn&quot;,&quot;_animation_delay&quot;:300}\" data-widget_type=\"button.default\">\n\t\t\t\t<div class=\"elementor-widget-container\">\n\t\t\t\t\t\t\t\t\t<div class=\"elementor-button-wrapper\">\n\t\t\t\t\t<a class=\"elementor-button elementor-button-link elementor-size-md\" href=\"https:\/\/casademaria.org.br\/index.php\/https:\/\/casademaria.org.br\/index.php\/ajude-a-casa\/#agente\">\n\t\t\t\t\t\t<span class=\"elementor-button-content-wrapper\">\n\t\t\t\t\t\t<span class=\"elementor-button-icon\">\n\t\t\t\t<i aria-hidden=\"true\" class=\"fas fa-pen\"><\/i>\t\t\t<\/span>\n\t\t\t\t\t\t\t\t\t<span class=\"elementor-button-text\">Agente da Paz<\/span>\n\t\t\t\t\t<\/span>\n\t\t\t\t\t<\/a>\n\t\t\t\t<\/div>\n\t\t\t\t\t\t\t\t<\/div>\n\t\t\t\t<\/div>\n\t\t\t\t\t<\/div>\n\t\t<\/div>\n\t\t\t\t\t<\/div>\n\t\t<\/section>\n\t\t\t\t<section class=\"elementor-section elementor-top-section elementor-element elementor-element-bcb6a9c elementor-section-boxed elementor-section-height-default elementor-section-height-default\" data-id=\"bcb6a9c\" data-element_type=\"section\">\n\t\t\t\t\t\t<div class=\"elementor-container elementor-column-gap-default\">\n\t\t\t\t\t<div class=\"elementor-column elementor-col-100 elementor-top-column elementor-element elementor-element-85831df\" data-id=\"85831df\" data-element_type=\"column\">\n\t\t\t<div class=\"elementor-widget-wrap elementor-element-populated\">\n\t\t\t\t\t\t<div class=\"elementor-element elementor-element-4ad757c elementor-widget-divider--view-line elementor-widget elementor-widget-divider\" data-id=\"4ad757c\" data-element_type=\"widget\" data-widget_type=\"divider.default\">\n\t\t\t\t<div class=\"elementor-widget-container\">\n\t\t\t\t\t\t\t<div class=\"elementor-divider\">\n\t\t\t<span class=\"elementor-divider-separator\">\n\t\t\t\t\t\t<\/span>\n\t\t<\/div>\n\t\t\t\t\t\t<\/div>\n\t\t\t\t<\/div>\n\t\t\t\t\t<\/div>\n\t\t<\/div>\n\t\t\t\t\t<\/div>\n\t\t<\/section>\n\t\t\t\t<section class=\"elementor-section elementor-top-section elementor-element elementor-element-8b8372b elementor-section-boxed elementor-section-height-default elementor-section-height-default\" data-id=\"8b8372b\" data-element_type=\"section\" id=\"deposito\">\n\t\t\t\t\t\t<div class=\"elementor-container elementor-column-gap-default\">\n\t\t\t\t\t<div class=\"elementor-column elementor-col-100 elementor-top-column elementor-element elementor-element-c3514f4\" data-id=\"c3514f4\" data-element_type=\"column\">\n\t\t\t<div class=\"elementor-widget-wrap elementor-element-populated\">\n\t\t\t\t\t\t<div class=\"elementor-element elementor-element-c191ff1 elementor-widget elementor-widget-heading\" data-id=\"c191ff1\" data-element_type=\"widget\" data-widget_type=\"heading.default\">\n\t\t\t\t<div class=\"elementor-widget-container\">\n\t\t\t\t\t<h2 class=\"elementor-heading-title elementor-size-default\">Deposito Banc\u00e1rio<\/h2>\t\t\t\t<\/div>\n\t\t\t\t<\/div>\n\t\t\t\t<div class=\"elementor-element elementor-element-36c01c6 elementor-widget elementor-widget-text-editor\" data-id=\"36c01c6\" data-element_type=\"widget\" data-widget_type=\"text-editor.default\">\n\t\t\t\t<div class=\"elementor-widget-container\">\n\t\t\t\t\t\t\t\t\t<div class=\"\" data-block=\"true\" data-editor=\"foomt\" data-offset-key=\"afa5s-0-0\"><div class=\"_1mf _1mj\" data-offset-key=\"afa5s-0-0\"><span data-offset-key=\"afa5s-0-0\">Se voc\u00ea preferiu fazer um dep\u00f3sito ou transfer\u00eancia banc\u00e1ria para ajudar a Casa de Maria, seguem os dados para que voc\u00ea possa realizar:<br \/>Banco Bradesco \u2013 Ag.: 2884 \u2013 Conta Corrente: 4949-2<\/span><\/div><\/div><div class=\"\" data-block=\"true\" data-editor=\"foomt\" data-offset-key=\"16t7q-0-0\"><div class=\"_1mf _1mj\" data-offset-key=\"16t7q-0-0\"><span data-offset-key=\"16t7q-0-0\">A. C. A. Casa de Maria Embaixadora da Paz<\/span><\/div><\/div><div class=\"\" data-block=\"true\" data-editor=\"foomt\" data-offset-key=\"b7p0c-0-0\"><div class=\"_1mf _1mj\" data-offset-key=\"b7p0c-0-0\"><span data-offset-key=\"b7p0c-0-0\">CNPJ: 01.598.924\/0001-02<\/span><\/div><\/div>\t\t\t\t\t\t\t\t<\/div>\n\t\t\t\t<\/div>\n\t\t\t\t\t<\/div>\n\t\t<\/div>\n\t\t\t\t\t<\/div>\n\t\t<\/section>\n\t\t\t\t<section class=\"elementor-section elementor-top-section elementor-element elementor-element-1a3a20c elementor-section-boxed elementor-section-height-default elementor-section-height-default\" data-id=\"1a3a20c\" data-element_type=\"section\">\n\t\t\t\t\t\t<div class=\"elementor-container elementor-column-gap-default\">\n\t\t\t\t\t<div class=\"elementor-column elementor-col-100 elementor-top-column elementor-element elementor-element-db05691\" data-id=\"db05691\" data-element_type=\"column\">\n\t\t\t<div class=\"elementor-widget-wrap elementor-element-populated\">\n\t\t\t\t\t\t<div class=\"elementor-element elementor-element-577b9d7 elementor-widget-divider--view-line elementor-widget elementor-widget-divider\" data-id=\"577b9d7\" data-element_type=\"widget\" data-widget_type=\"divider.default\">\n\t\t\t\t<div class=\"elementor-widget-container\">\n\t\t\t\t\t\t\t<div class=\"elementor-divider\">\n\t\t\t<span class=\"elementor-divider-separator\">\n\t\t\t\t\t\t<\/span>\n\t\t<\/div>\n\t\t\t\t\t\t<\/div>\n\t\t\t\t<\/div>\n\t\t\t\t\t<\/div>\n\t\t<\/div>\n\t\t\t\t\t<\/div>\n\t\t<\/section>\n\t\t\t\t<section class=\"elementor-section elementor-top-section elementor-element elementor-element-c2182a1 elementor-section-boxed elementor-section-height-default elementor-section-height-default\" data-id=\"c2182a1\" data-element_type=\"section\" id=\"agente\">\n\t\t\t\t\t\t<div class=\"elementor-container elementor-column-gap-default\">\n\t\t\t\t\t<div class=\"elementor-column elementor-col-33 elementor-top-column elementor-element elementor-element-59f650d\" data-id=\"59f650d\" data-element_type=\"column\">\n\t\t\t<div class=\"elementor-widget-wrap elementor-element-populated\">\n\t\t\t\t\t\t<div class=\"elementor-element elementor-element-e32540f elementor-widget elementor-widget-image\" data-id=\"e32540f\" data-element_type=\"widget\" data-widget_type=\"image.default\">\n\t\t\t\t<div class=\"elementor-widget-container\">\n\t\t\t\t\t\t\t\t\t\t\t\t\t\t\t<img fetchpriority=\"high\" decoding=\"async\" width=\"1024\" height=\"940\" src=\"https:\/\/casademaria.org.br\/wp-content\/uploads\/2020\/06\/AGENTES-DA-PAZ-1024x940.png\" class=\"attachment-large size-large wp-image-1475\" alt=\"\" srcset=\"https:\/\/casademaria.org.br\/wp-content\/uploads\/2020\/06\/AGENTES-DA-PAZ-1024x940.png 1024w, https:\/\/casademaria.org.br\/wp-content\/uploads\/2020\/06\/AGENTES-DA-PAZ-300x276.png 300w, https:\/\/casademaria.org.br\/wp-content\/uploads\/2020\/06\/AGENTES-DA-PAZ-768x705.png 768w, https:\/\/casademaria.org.br\/wp-content\/uploads\/2020\/06\/AGENTES-DA-PAZ-1536x1411.png 1536w, https:\/\/casademaria.org.br\/wp-content\/uploads\/2020\/06\/AGENTES-DA-PAZ-2048x1881.png 2048w\" sizes=\"(max-width: 1024px) 100vw, 1024px\" \/>\t\t\t\t\t\t\t\t\t\t\t\t\t\t\t<\/div>\n\t\t\t\t<\/div>\n\t\t\t\t\t<\/div>\n\t\t<\/div>\n\t\t\t\t<div class=\"elementor-column elementor-col-66 elementor-top-column elementor-element elementor-element-719af79\" data-id=\"719af79\" data-element_type=\"column\">\n\t\t\t<div class=\"elementor-widget-wrap elementor-element-populated\">\n\t\t\t\t\t\t<div class=\"elementor-element elementor-element-f04824c elementor-widget elementor-widget-heading\" data-id=\"f04824c\" data-element_type=\"widget\" data-widget_type=\"heading.default\">\n\t\t\t\t<div class=\"elementor-widget-container\">\n\t\t\t\t\t<h2 class=\"elementor-heading-title elementor-size-default\">Seja um \"Agente da Paz!\"<\/h2>\t\t\t\t<\/div>\n\t\t\t\t<\/div>\n\t\t\t\t<div class=\"elementor-element elementor-element-c990d69 elementor-widget elementor-widget-text-editor\" data-id=\"c990d69\" data-element_type=\"widget\" data-widget_type=\"text-editor.default\">\n\t\t\t\t<div class=\"elementor-widget-container\">\n\t\t\t\t\t\t\t\t\t<p>A Casa de Maria, uma associa\u00e7\u00e3o sem fins lucrativos, que busca levar a Paz \u00e0s pessoas, por meio das atividades presenciais, digitais, por canais de mensagens instant\u00e2neas redes sociais, e mais recentemente por meio da nossa web r\u00e1dio, nossa mais nova conquista. E para nos mantermos nessa miss\u00e3o, sua ajuda \u00e9 fundamental.<\/p><p>Se voc\u00ea acredita que a paz interior \u00e9 importante para as pessoas, junte-se a n\u00f3s, que acreditamos.<\/p><p>Voc\u00ea pode preencher o cadastro abaixo e mensalmente receber\u00e1 um link para poder nos ajudar nessa empreitada de maneira concreta, com sua doa\u00e7\u00e3o financeira. Venha com a gente semear a Paz e ir cada vez mais longe curando cora\u00e7\u00f5es. Preencha agora mesmo, e se torne um \u201cAgente da Paz\u201d!<\/p>\t\t\t\t\t\t\t\t<\/div>\n\t\t\t\t<\/div>\n\t\t\t\t\t<\/div>\n\t\t<\/div>\n\t\t\t\t\t<\/div>\n\t\t<\/section>\n\t\t\t\t<section class=\"elementor-section elementor-top-section elementor-element elementor-element-4355161 elementor-section-boxed elementor-section-height-default elementor-section-height-default\" data-id=\"4355161\" data-element_type=\"section\">\n\t\t\t\t\t\t<div class=\"elementor-container elementor-column-gap-default\">\n\t\t\t\t\t<div class=\"elementor-column elementor-col-100 elementor-top-column elementor-element elementor-element-91f3c6b\" data-id=\"91f3c6b\" data-element_type=\"column\">\n\t\t\t<div class=\"elementor-widget-wrap elementor-element-populated\">\n\t\t\t\t\t\t<div class=\"elementor-element elementor-element-4698494 elementor-widget elementor-widget-html\" data-id=\"4698494\" data-element_type=\"widget\" data-widget_type=\"html.default\">\n\t\t\t\t<div class=\"elementor-widget-container\">\n\t\t\t\t\t<iframe src=\"https:\/\/docs.google.com\/forms\/d\/e\/1FAIpQLSfO2XoedYP1eLRKIdKzbXFOWi0GzDpXu-ETZ4Wq30O73AjF7A\/viewform?embedded=true\" width=\"640\" height=\"1443\" frameborder=\"0\" marginheight=\"0\" marginwidth=\"0\">Carregando\u2026<\/iframe>\t\t\t\t<\/div>\n\t\t\t\t<\/div>\n\t\t\t\t\t<\/div>\n\t\t<\/div>\n\t\t\t\t\t<\/div>\n\t\t<\/section>\n\t\t\t\t<\/div>\n\t\t","protected":false},"excerpt":{"rendered":"<p>A Casa de Maria precisa de sua ajuda! A Casa de Maria, como todas as Associa\u00e7\u00f5es que n\u00e3o visam fins lucrativos e sim o bem-estar as pessoas, vive da caridade do mais sens\u00edvel a causa. Se voc\u00ea chegou at\u00e9 aqui, muito obrigado, \u00e9 um sinal que podemos contar com voc\u00ea, temos 3 modalidades de doa\u00e7\u00e3o: &#8230; <a title=\"Ajude a Casa de Maria\" class=\"read-more\" href=\"https:\/\/casademaria.org.br\/index.php\/ajude-a-casa\/\" aria-label=\"Read more about Ajude a Casa de Maria\">Ler mais<\/a><\/p>\n","protected":false},"author":1,"featured_media":0,"parent":0,"menu_order":0,"comment_status":"closed","ping_status":"open","template":"elementor_header_footer","meta":{"footnotes":""},"_links":{"self":[{"href":"https:\/\/casademaria.org.br\/index.php\/wp-json\/wp\/v2\/pages\/1447"}],"collection":[{"href":"https:\/\/casademaria.org.br\/index.php\/wp-json\/wp\/v2\/pages"}],"about":[{"href":"https:\/\/casademaria.org.br\/index.php\/wp-json\/wp\/v2\/types\/page"}],"author":[{"embeddable":true,"href":"https:\/\/casademaria.org.br\/index.php\/wp-json\/wp\/v2\/users\/1"}],"replies":[{"embeddable":true,"href":"https:\/\/casademaria.org.br\/index.php\/wp-json\/wp\/v2\/comments?post=1447"}],"version-history":[{"count":31,"href":"https:\/\/casademaria.org.br\/index.php\/wp-json\/wp\/v2\/pages\/1447\/revisions"}],"predecessor-version":[{"id":1735,"href":"https:\/\/casademaria.org.br\/index.php\/wp-json\/wp\/v2\/pages\/1447\/revisions\/1735"}],"wp:attachment":[{"href":"https:\/\/casademaria.org.br\/index.php\/wp-json\/wp\/v2\/media?parent=1447"}],"curies":[{"name":"wp","href":"https:\/\/api.w.org\/{rel}","templated":true}]}}