{"id":1478,"date":"2020-06-05T15:48:05","date_gmt":"2020-06-05T18:48:05","guid":{"rendered":"https:\/\/casademaria.org.br\/?page_id=1478"},"modified":"2020-06-16T13:50:20","modified_gmt":"2020-06-16T16:50:20","slug":"ajude-a-casa-de-maria-2","status":"publish","type":"page","link":"https:\/\/casademaria.org.br\/index.php\/ajude-a-casa-de-maria-2\/","title":{"rendered":"Doa\u00e7\u00f5es por transfer\u00eancia banc\u00e1ria"},"content":{"rendered":"\t\t<div data-elementor-type=\"wp-post\" data-elementor-id=\"1478\" class=\"elementor elementor-1478\">\n\t\t\t\t\t\t<section class=\"elementor-section elementor-top-section elementor-element elementor-element-661060f elementor-section-boxed elementor-section-height-default elementor-section-height-default\" data-id=\"661060f\" data-element_type=\"section\">\n\t\t\t\t\t\t<div class=\"elementor-container elementor-column-gap-default\">\n\t\t\t\t\t<div class=\"elementor-column elementor-col-100 elementor-top-column elementor-element elementor-element-6770d2e\" data-id=\"6770d2e\" data-element_type=\"column\">\n\t\t\t<div class=\"elementor-widget-wrap elementor-element-populated\">\n\t\t\t\t\t\t<div class=\"elementor-element elementor-element-cd204d9 elementor-widget-divider--view-line elementor-widget elementor-widget-divider\" data-id=\"cd204d9\" data-element_type=\"widget\" data-widget_type=\"divider.default\">\n\t\t\t\t<div class=\"elementor-widget-container\">\n\t\t\t\t\t\t\t<div class=\"elementor-divider\">\n\t\t\t<span class=\"elementor-divider-separator\">\n\t\t\t\t\t\t<\/span>\n\t\t<\/div>\n\t\t\t\t\t\t<\/div>\n\t\t\t\t<\/div>\n\t\t\t\t\t<\/div>\n\t\t<\/div>\n\t\t\t\t\t<\/div>\n\t\t<\/section>\n\t\t\t\t<section class=\"elementor-section elementor-top-section elementor-element elementor-element-92fc20d elementor-section-boxed elementor-section-height-default elementor-section-height-default\" data-id=\"92fc20d\" data-element_type=\"section\">\n\t\t\t\t\t\t<div class=\"elementor-container elementor-column-gap-default\">\n\t\t\t\t\t<div class=\"elementor-column elementor-col-100 elementor-top-column elementor-element elementor-element-5bfc8cb\" data-id=\"5bfc8cb\" data-element_type=\"column\">\n\t\t\t<div class=\"elementor-widget-wrap elementor-element-populated\">\n\t\t\t\t\t\t<div class=\"elementor-element elementor-element-6fe01d4 elementor-widget elementor-widget-heading\" data-id=\"6fe01d4\" data-element_type=\"widget\" data-widget_type=\"heading.default\">\n\t\t\t\t<div class=\"elementor-widget-container\">\n\t\t\t\t\t<h2 class=\"elementor-heading-title elementor-size-default\">Voc\u00ea pode fazer um dep\u00f3sito banc\u00e1rio, e assim ajudar a Casa de Maria<\/h2>\t\t\t\t<\/div>\n\t\t\t\t<\/div>\n\t\t\t\t<div class=\"elementor-element elementor-element-71e5aa8 elementor-widget elementor-widget-text-editor\" data-id=\"71e5aa8\" data-element_type=\"widget\" data-widget_type=\"text-editor.default\">\n\t\t\t\t<div class=\"elementor-widget-container\">\n\t\t\t\t\t\t\t\t\t<div class=\"\" data-block=\"true\" data-editor=\"foomt\" data-offset-key=\"afa5s-0-0\"><div class=\"_1mf _1mj\" data-offset-key=\"afa5s-0-0\"><span data-offset-key=\"afa5s-0-0\">Banco Bradesco &#8211; Ag.: 2884 &#8211; Conta Corrente: 4949-2<\/span><\/div><\/div><div class=\"\" data-block=\"true\" data-editor=\"foomt\" data-offset-key=\"16t7q-0-0\"><div class=\"_1mf _1mj\" data-offset-key=\"16t7q-0-0\"><span data-offset-key=\"16t7q-0-0\">A. C. A. Casa de Maria Embaixadora da Paz<\/span><\/div><\/div><div class=\"\" data-block=\"true\" data-editor=\"foomt\" data-offset-key=\"b7p0c-0-0\"><div class=\"_1mf _1mj\" data-offset-key=\"b7p0c-0-0\"><span data-offset-key=\"b7p0c-0-0\">CNPJ: 01.598.924\/0001-02<\/span><\/div><\/div>\t\t\t\t\t\t\t\t<\/div>\n\t\t\t\t<\/div>\n\t\t\t\t\t<\/div>\n\t\t<\/div>\n\t\t\t\t\t<\/div>\n\t\t<\/section>\n\t\t\t\t<\/div>\n\t\t","protected":false},"excerpt":{"rendered":"<p>Voc\u00ea pode fazer um dep\u00f3sito banc\u00e1rio, e assim ajudar a Casa de Maria Banco Bradesco &#8211; Ag.: 2884 &#8211; Conta Corrente: 4949-2A. C. A. Casa de Maria Embaixadora da PazCNPJ: 01.598.924\/0001-02<\/p>\n","protected":false},"author":1,"featured_media":0,"parent":0,"menu_order":0,"comment_status":"closed","ping_status":"closed","template":"elementor_header_footer","meta":{"footnotes":""},"_links":{"self":[{"href":"https:\/\/casademaria.org.br\/index.php\/wp-json\/wp\/v2\/pages\/1478"}],"collection":[{"href":"https:\/\/casademaria.org.br\/index.php\/wp-json\/wp\/v2\/pages"}],"about":[{"href":"https:\/\/casademaria.org.br\/index.php\/wp-json\/wp\/v2\/types\/page"}],"author":[{"embeddable":true,"href":"https:\/\/casademaria.org.br\/index.php\/wp-json\/wp\/v2\/users\/1"}],"replies":[{"embeddable":true,"href":"https:\/\/casademaria.org.br\/index.php\/wp-json\/wp\/v2\/comments?post=1478"}],"version-history":[{"count":5,"href":"https:\/\/casademaria.org.br\/index.php\/wp-json\/wp\/v2\/pages\/1478\/revisions"}],"predecessor-version":[{"id":1489,"href":"https:\/\/casademaria.org.br\/index.php\/wp-json\/wp\/v2\/pages\/1478\/revisions\/1489"}],"wp:attachment":[{"href":"https:\/\/casademaria.org.br\/index.php\/wp-json\/wp\/v2\/media?parent=1478"}],"curies":[{"name":"wp","href":"https:\/\/api.w.org\/{rel}","templated":true}]}}