{"id":904,"date":"2019-07-11T09:56:51","date_gmt":"2019-07-11T12:56:51","guid":{"rendered":"http:\/\/casademaria.org.br\/?page_id=904"},"modified":"2024-10-07T17:22:39","modified_gmt":"2024-10-07T20:22:39","slug":"eventos","status":"publish","type":"page","link":"https:\/\/casademaria.org.br\/index.php\/eventos\/","title":{"rendered":"Eventos"},"content":{"rendered":"\t\t<div data-elementor-type=\"wp-post\" data-elementor-id=\"904\" class=\"elementor elementor-904\">\n\t\t\t\t\t\t<section class=\"elementor-section elementor-top-section elementor-element elementor-element-a004b8e elementor-section-boxed elementor-section-height-default elementor-section-height-default\" data-id=\"a004b8e\" data-element_type=\"section\">\n\t\t\t\t\t\t<div class=\"elementor-container elementor-column-gap-default\">\n\t\t\t\t\t<div class=\"elementor-column elementor-col-100 elementor-top-column elementor-element elementor-element-014e5a8\" data-id=\"014e5a8\" data-element_type=\"column\">\n\t\t\t<div class=\"elementor-widget-wrap elementor-element-populated\">\n\t\t\t\t\t\t<div class=\"elementor-element elementor-element-a9ab37a elementor-widget elementor-widget-image\" data-id=\"a9ab37a\" data-element_type=\"widget\" data-widget_type=\"image.default\">\n\t\t\t\t<div class=\"elementor-widget-container\">\n\t\t\t\t\t\t\t\t\t\t\t\t\t\t\t<img fetchpriority=\"high\" decoding=\"async\" width=\"1536\" height=\"804\" src=\"https:\/\/casademaria.org.br\/wp-content\/uploads\/2021\/07\/eventos-1536x804.png\" class=\"attachment-1536x1536 size-1536x1536 wp-image-2143\" alt=\"\" srcset=\"https:\/\/casademaria.org.br\/wp-content\/uploads\/2021\/07\/eventos-1536x804.png 1536w, https:\/\/casademaria.org.br\/wp-content\/uploads\/2021\/07\/eventos-300x157.png 300w, https:\/\/casademaria.org.br\/wp-content\/uploads\/2021\/07\/eventos-1024x536.png 1024w, https:\/\/casademaria.org.br\/wp-content\/uploads\/2021\/07\/eventos-768x402.png 768w, https:\/\/casademaria.org.br\/wp-content\/uploads\/2021\/07\/eventos.png 1600w\" sizes=\"(max-width: 1536px) 100vw, 1536px\" \/>\t\t\t\t\t\t\t\t\t\t\t\t\t\t\t<\/div>\n\t\t\t\t<\/div>\n\t\t\t\t\t<\/div>\n\t\t<\/div>\n\t\t\t\t\t<\/div>\n\t\t<\/section>\n\t\t\t\t<section class=\"elementor-section elementor-top-section elementor-element elementor-element-b3ce75a elementor-section-boxed elementor-section-height-default elementor-section-height-default\" data-id=\"b3ce75a\" data-element_type=\"section\">\n\t\t\t\t\t\t<div class=\"elementor-container elementor-column-gap-default\">\n\t\t\t\t\t<div class=\"elementor-column elementor-col-100 elementor-top-column elementor-element elementor-element-6c6096e\" data-id=\"6c6096e\" data-element_type=\"column\">\n\t\t\t<div class=\"elementor-widget-wrap elementor-element-populated\">\n\t\t\t\t\t\t<div class=\"elementor-element elementor-element-56063a3 elementor-widget-divider--view-line elementor-widget elementor-widget-divider\" data-id=\"56063a3\" data-element_type=\"widget\" data-widget_type=\"divider.default\">\n\t\t\t\t<div class=\"elementor-widget-container\">\n\t\t\t\t\t\t\t<div class=\"elementor-divider\">\n\t\t\t<span class=\"elementor-divider-separator\">\n\t\t\t\t\t\t<\/span>\n\t\t<\/div>\n\t\t\t\t\t\t<\/div>\n\t\t\t\t<\/div>\n\t\t\t\t<div class=\"elementor-element elementor-element-eaaba21 elementor-widget elementor-widget-heading\" data-id=\"eaaba21\" data-element_type=\"widget\" data-widget_type=\"heading.default\">\n\t\t\t\t<div class=\"elementor-widget-container\">\n\t\t\t\t\t<h2 class=\"elementor-heading-title elementor-size-default\">Missas do M\u00eas<\/h2>\t\t\t\t<\/div>\n\t\t\t\t<\/div>\n\t\t\t\t<div class=\"elementor-element elementor-element-3b4c1d1 elementor-widget elementor-widget-text-editor\" data-id=\"3b4c1d1\" data-element_type=\"widget\" data-widget_type=\"text-editor.default\">\n\t\t\t\t<div class=\"elementor-widget-container\">\n\t\t\t\t\t\t\t\t\t<h3><b>Sempre aos s\u00e1bados \u00e0s 15 horas .<br \/>1\u00ba s\u00e1bado do m\u00eas<span style=\"font-family: inherit; font-style: inherit; color: var( --e-global-color-text ); letter-spacing: 0px;\">:\u00a0 Padre Victor.\u00a0<br \/><\/span><span style=\"font-family: inherit; font-style: inherit; color: var( --e-global-color-text ); letter-spacing: 0px;\"><span style=\"color: var( --e-global-color-text ); font-family: var( --e-global-typography-text-font-family ), Sans-serif; letter-spacing: 0px;\">2\u00ba s\u00e1bado do m\u00eas:\u00a0<\/span><\/span>Padre Delair Cuerva.<br \/><span style=\"font-family: inherit; font-style: inherit; color: var( --e-global-color-text ); letter-spacing: 0px;\"><span style=\"color: var( --e-global-color-text ); font-family: var( --e-global-typography-text-font-family ), Sans-serif; letter-spacing: 0px;\">3\u00ba s\u00e1bado do m\u00eas: <\/span><\/span><span style=\"font-family: inherit; font-style: inherit; color: var( --e-global-color-text ); letter-spacing: 0px;\">Padre Charbel\u00a0<\/span><span style=\"font-family: var( --e-global-typography-text-font-family ), Sans-serif; font-style: inherit; color: var( --e-global-color-text ); letter-spacing: 0px;\">( Rito Maronita ).<\/span><\/b><\/h3>\t\t\t\t\t\t\t\t<\/div>\n\t\t\t\t<\/div>\n\t\t\t\t<div class=\"elementor-element elementor-element-7af32f4 elementor-widget-divider--view-line elementor-widget elementor-widget-divider\" data-id=\"7af32f4\" data-element_type=\"widget\" data-widget_type=\"divider.default\">\n\t\t\t\t<div class=\"elementor-widget-container\">\n\t\t\t\t\t\t\t<div class=\"elementor-divider\">\n\t\t\t<span class=\"elementor-divider-separator\">\n\t\t\t\t\t\t<\/span>\n\t\t<\/div>\n\t\t\t\t\t\t<\/div>\n\t\t\t\t<\/div>\n\t\t\t\t\t<\/div>\n\t\t<\/div>\n\t\t\t\t\t<\/div>\n\t\t<\/section>\n\t\t\t\t<section class=\"elementor-section elementor-top-section elementor-element elementor-element-3fd8259 elementor-section-boxed elementor-section-height-default elementor-section-height-default\" data-id=\"3fd8259\" data-element_type=\"section\">\n\t\t\t\t\t\t<div class=\"elementor-container elementor-column-gap-default\">\n\t\t\t\t\t<div class=\"elementor-column elementor-col-50 elementor-top-column elementor-element elementor-element-0f4eff5\" data-id=\"0f4eff5\" data-element_type=\"column\">\n\t\t\t<div class=\"elementor-widget-wrap elementor-element-populated\">\n\t\t\t\t\t\t<div class=\"elementor-element elementor-element-3848581 elementor-widget elementor-widget-heading\" data-id=\"3848581\" data-element_type=\"widget\" data-widget_type=\"heading.default\">\n\t\t\t\t<div class=\"elementor-widget-container\">\n\t\t\t\t\t<h2 class=\"elementor-heading-title elementor-size-default\">Grupo de Ora\u00e7\u00e3o<\/h2>\t\t\t\t<\/div>\n\t\t\t\t<\/div>\n\t\t\t\t<div class=\"elementor-element elementor-element-5027978 elementor-widget elementor-widget-image\" data-id=\"5027978\" data-element_type=\"widget\" data-widget_type=\"image.default\">\n\t\t\t\t<div class=\"elementor-widget-container\">\n\t\t\t\t\t\t\t\t\t\t\t\t\t\t\t\t<a href=\"https:\/\/www.sympla.com.br\/grito-de-alerta---corpo-mente-e-espirito__913897\">\n\t\t\t\t\t\t\t<img decoding=\"async\" width=\"1024\" height=\"1024\" src=\"https:\/\/casademaria.org.br\/wp-content\/uploads\/2024\/10\/GRUPOS-ORACAO-1024x1024-1.png\" class=\"attachment-large size-large wp-image-2810\" alt=\"\" srcset=\"https:\/\/casademaria.org.br\/wp-content\/uploads\/2024\/10\/GRUPOS-ORACAO-1024x1024-1.png 1024w, https:\/\/casademaria.org.br\/wp-content\/uploads\/2024\/10\/GRUPOS-ORACAO-1024x1024-1-300x300.png 300w, https:\/\/casademaria.org.br\/wp-content\/uploads\/2024\/10\/GRUPOS-ORACAO-1024x1024-1-150x150.png 150w, https:\/\/casademaria.org.br\/wp-content\/uploads\/2024\/10\/GRUPOS-ORACAO-1024x1024-1-768x768.png 768w\" sizes=\"(max-width: 1024px) 100vw, 1024px\" \/>\t\t\t\t\t\t\t\t<\/a>\n\t\t\t\t\t\t\t\t\t\t\t\t\t\t\t<\/div>\n\t\t\t\t<\/div>\n\t\t\t\t\t<\/div>\n\t\t<\/div>\n\t\t\t\t<div class=\"elementor-column elementor-col-50 elementor-top-column elementor-element elementor-element-34d2866\" data-id=\"34d2866\" data-element_type=\"column\">\n\t\t\t<div class=\"elementor-widget-wrap elementor-element-populated\">\n\t\t\t\t\t\t<div class=\"elementor-element elementor-element-b42ec3c elementor-widget elementor-widget-heading\" data-id=\"b42ec3c\" data-element_type=\"widget\" data-widget_type=\"heading.default\">\n\t\t\t\t<div class=\"elementor-widget-container\">\n\t\t\t\t\t<h2 class=\"elementor-heading-title elementor-size-default\">Grupo F\u00eanix<\/h2>\t\t\t\t<\/div>\n\t\t\t\t<\/div>\n\t\t\t\t<div class=\"elementor-element elementor-element-a353364 elementor-widget elementor-widget-image\" data-id=\"a353364\" data-element_type=\"widget\" data-widget_type=\"image.default\">\n\t\t\t\t<div class=\"elementor-widget-container\">\n\t\t\t\t\t\t\t\t\t\t\t\t\t\t\t\t<a href=\"https:\/\/www.sympla.com.br\/grito-de-alerta---corpo-mente-e-espirito__913897\">\n\t\t\t\t\t\t\t<img decoding=\"async\" width=\"1024\" height=\"1024\" src=\"https:\/\/casademaria.org.br\/wp-content\/uploads\/2024\/10\/GRUPO-FENIX-1024X1024.png\" class=\"attachment-large size-large wp-image-2811\" alt=\"\" srcset=\"https:\/\/casademaria.org.br\/wp-content\/uploads\/2024\/10\/GRUPO-FENIX-1024X1024.png 1024w, https:\/\/casademaria.org.br\/wp-content\/uploads\/2024\/10\/GRUPO-FENIX-1024X1024-300x300.png 300w, https:\/\/casademaria.org.br\/wp-content\/uploads\/2024\/10\/GRUPO-FENIX-1024X1024-150x150.png 150w, https:\/\/casademaria.org.br\/wp-content\/uploads\/2024\/10\/GRUPO-FENIX-1024X1024-768x768.png 768w\" sizes=\"(max-width: 1024px) 100vw, 1024px\" \/>\t\t\t\t\t\t\t\t<\/a>\n\t\t\t\t\t\t\t\t\t\t\t\t\t\t\t<\/div>\n\t\t\t\t<\/div>\n\t\t\t\t\t<\/div>\n\t\t<\/div>\n\t\t\t\t\t<\/div>\n\t\t<\/section>\n\t\t\t\t<section class=\"elementor-section elementor-top-section elementor-element elementor-element-7e96132 elementor-section-boxed elementor-section-height-default elementor-section-height-default\" data-id=\"7e96132\" data-element_type=\"section\">\n\t\t\t\t\t\t<div class=\"elementor-container elementor-column-gap-default\">\n\t\t\t\t\t<div class=\"elementor-column elementor-col-100 elementor-top-column elementor-element elementor-element-585dafb\" data-id=\"585dafb\" data-element_type=\"column\">\n\t\t\t<div class=\"elementor-widget-wrap elementor-element-populated\">\n\t\t\t\t\t\t<div class=\"elementor-element elementor-element-8dcbaf3 elementor-widget-divider--view-line elementor-widget elementor-widget-divider\" data-id=\"8dcbaf3\" data-element_type=\"widget\" data-widget_type=\"divider.default\">\n\t\t\t\t<div class=\"elementor-widget-container\">\n\t\t\t\t\t\t\t<div class=\"elementor-divider\">\n\t\t\t<span class=\"elementor-divider-separator\">\n\t\t\t\t\t\t<\/span>\n\t\t<\/div>\n\t\t\t\t\t\t<\/div>\n\t\t\t\t<\/div>\n\t\t\t\t<div class=\"elementor-element elementor-element-d2d8336 elementor-widget elementor-widget-text-editor\" data-id=\"d2d8336\" data-element_type=\"widget\" data-widget_type=\"text-editor.default\">\n\t\t\t\t<div class=\"elementor-widget-container\">\n\t\t\t\t\t\t\t\t\t<p><b>Ainda com d\u00favida ligue pra gente (11) 3271-9315, iremos lhe atender com muito carinho.<\/b><\/p>\n<p><\/p>\t\t\t\t\t\t\t\t<\/div>\n\t\t\t\t<\/div>\n\t\t\t\t\t<\/div>\n\t\t<\/div>\n\t\t\t\t\t<\/div>\n\t\t<\/section>\n\t\t\t\t<\/div>\n\t\t","protected":false},"excerpt":{"rendered":"<p>Missas do M\u00eas Sempre aos s\u00e1bados \u00e0s 15 horas .1\u00ba s\u00e1bado do m\u00eas:\u00a0 Padre Victor.\u00a02\u00ba s\u00e1bado do m\u00eas:\u00a0Padre Delair Cuerva.3\u00ba s\u00e1bado do m\u00eas: Padre Charbel\u00a0( Rito Maronita ). Grupo de Ora\u00e7\u00e3o Grupo F\u00eanix Ainda com d\u00favida ligue pra gente (11) 3271-9315, iremos lhe atender com muito carinho.<\/p>\n","protected":false},"author":1,"featured_media":0,"parent":0,"menu_order":0,"comment_status":"closed","ping_status":"closed","template":"elementor_header_footer","meta":{"footnotes":""},"_links":{"self":[{"href":"https:\/\/casademaria.org.br\/index.php\/wp-json\/wp\/v2\/pages\/904"}],"collection":[{"href":"https:\/\/casademaria.org.br\/index.php\/wp-json\/wp\/v2\/pages"}],"about":[{"href":"https:\/\/casademaria.org.br\/index.php\/wp-json\/wp\/v2\/types\/page"}],"author":[{"embeddable":true,"href":"https:\/\/casademaria.org.br\/index.php\/wp-json\/wp\/v2\/users\/1"}],"replies":[{"embeddable":true,"href":"https:\/\/casademaria.org.br\/index.php\/wp-json\/wp\/v2\/comments?post=904"}],"version-history":[{"count":238,"href":"https:\/\/casademaria.org.br\/index.php\/wp-json\/wp\/v2\/pages\/904\/revisions"}],"predecessor-version":[{"id":2814,"href":"https:\/\/casademaria.org.br\/index.php\/wp-json\/wp\/v2\/pages\/904\/revisions\/2814"}],"wp:attachment":[{"href":"https:\/\/casademaria.org.br\/index.php\/wp-json\/wp\/v2\/media?parent=904"}],"curies":[{"name":"wp","href":"https:\/\/api.w.org\/{rel}","templated":true}]}}