{"id":921,"date":"2019-07-11T10:33:36","date_gmt":"2019-07-11T13:33:36","guid":{"rendered":"http:\/\/casademaria.org.br\/?page_id=921"},"modified":"2021-02-16T12:08:55","modified_gmt":"2021-02-16T15:08:55","slug":"acasademaria-2","status":"publish","type":"page","link":"https:\/\/casademaria.org.br\/index.php\/acasademaria-2\/","title":{"rendered":"A Casa de Maria"},"content":{"rendered":"\t\t<div data-elementor-type=\"wp-post\" data-elementor-id=\"921\" class=\"elementor elementor-921\">\n\t\t\t\t\t\t<section class=\"elementor-section elementor-top-section elementor-element elementor-element-1a3ef28 elementor-section-boxed elementor-section-height-default elementor-section-height-default\" data-id=\"1a3ef28\" data-element_type=\"section\">\n\t\t\t\t\t\t<div class=\"elementor-container elementor-column-gap-default\">\n\t\t\t\t\t<div class=\"elementor-column elementor-col-100 elementor-top-column elementor-element elementor-element-7de1e1d\" data-id=\"7de1e1d\" data-element_type=\"column\">\n\t\t\t<div class=\"elementor-widget-wrap elementor-element-populated\">\n\t\t\t\t\t\t<div class=\"elementor-element elementor-element-6188280 elementor-widget elementor-widget-image\" data-id=\"6188280\" data-element_type=\"widget\" data-widget_type=\"image.default\">\n\t\t\t\t<div class=\"elementor-widget-container\">\n\t\t\t\t\t\t\t\t\t\t\t\t\t\t\t<img decoding=\"async\" src=\"https:\/\/casademaria.org.br\/wp-content\/uploads\/elementor\/thumbs\/fachada-qm35ecouv8hsl1nj3are1a7ql0b0itvcfx0ab18qhk.png\" title=\"fachada\" alt=\"fachada\" loading=\"lazy\" \/>\t\t\t\t\t\t\t\t\t\t\t\t\t\t\t<\/div>\n\t\t\t\t<\/div>\n\t\t\t\t\t<\/div>\n\t\t<\/div>\n\t\t\t\t\t<\/div>\n\t\t<\/section>\n\t\t\t\t<section class=\"elementor-section elementor-top-section elementor-element elementor-element-0166265 elementor-section-boxed elementor-section-height-default elementor-section-height-default\" data-id=\"0166265\" data-element_type=\"section\">\n\t\t\t\t\t\t<div class=\"elementor-container elementor-column-gap-default\">\n\t\t\t\t\t<div class=\"elementor-column elementor-col-100 elementor-top-column elementor-element elementor-element-35cbc4a\" data-id=\"35cbc4a\" data-element_type=\"column\">\n\t\t\t<div class=\"elementor-widget-wrap elementor-element-populated\">\n\t\t\t\t\t\t<div class=\"elementor-element elementor-element-e09cedb elementor-widget elementor-widget-heading\" data-id=\"e09cedb\" data-element_type=\"widget\" data-widget_type=\"heading.default\">\n\t\t\t\t<div class=\"elementor-widget-container\">\n\t\t\t\t\t<h2 class=\"elementor-heading-title elementor-size-default\">Casa de Maria\nEmbaixadora da Paz<\/h2>\t\t\t\t<\/div>\n\t\t\t\t<\/div>\n\t\t\t\t<div class=\"elementor-element elementor-element-3dd6d44 elementor-widget elementor-widget-text-editor\" data-id=\"3dd6d44\" data-element_type=\"widget\" data-widget_type=\"text-editor.default\">\n\t\t\t\t<div class=\"elementor-widget-container\">\n\t\t\t\t\t\t\t\t\t<h5>A Casa de Maria Embaixadora da Paz, \u00e9 uma associa\u00e7\u00e3o sem fins lucrativos, idealizada pela psic\u00f3loga e nutricionista, Dra. Maria Salette de Assis Silva, a fim de promover a CULTURA DA PAZ.<\/h5>\n<h5>N\u00f3s, da Casa de Maria Embaixadora da Paz, temos a miss\u00e3o de ajudar \u00e0s pessoas a encontrar a paz atrav\u00e9s do equil\u00edbrio corpo, mente e esp\u00edrito.<\/h5>\n<h5>Esse apoio acontece por meio de a\u00e7\u00f5es socioeducativas como cursos, semin\u00e1rios, palestras, grupos de apoio, congressos e atua\u00e7\u00f5es em meios de comunica\u00e7\u00e3o, como tamb\u00e9m por atendimentos individuais atrav\u00e9s de uma equipe multidisciplinar, composta de profissionais na \u00e1rea de psicologia, nutri\u00e7\u00e3o e psicopedagogia.&nbsp;<\/h5><h5><br><\/h5>\t\t\t\t\t\t\t\t<\/div>\n\t\t\t\t<\/div>\n\t\t\t\t\t<\/div>\n\t\t<\/div>\n\t\t\t\t\t<\/div>\n\t\t<\/section>\n\t\t\t\t<section class=\"elementor-section elementor-top-section elementor-element elementor-element-60126ed elementor-section-boxed elementor-section-height-default elementor-section-height-default\" data-id=\"60126ed\" data-element_type=\"section\">\n\t\t\t\t\t\t<div class=\"elementor-container elementor-column-gap-default\">\n\t\t\t\t\t<div class=\"elementor-column elementor-col-100 elementor-top-column elementor-element elementor-element-3f149a5\" data-id=\"3f149a5\" data-element_type=\"column\">\n\t\t\t<div class=\"elementor-widget-wrap elementor-element-populated\">\n\t\t\t\t\t\t<div class=\"elementor-element elementor-element-ee69d36 elementor-widget-divider--view-line elementor-widget elementor-widget-divider\" data-id=\"ee69d36\" data-element_type=\"widget\" data-widget_type=\"divider.default\">\n\t\t\t\t<div class=\"elementor-widget-container\">\n\t\t\t\t\t\t\t<div class=\"elementor-divider\">\n\t\t\t<span class=\"elementor-divider-separator\">\n\t\t\t\t\t\t<\/span>\n\t\t<\/div>\n\t\t\t\t\t\t<\/div>\n\t\t\t\t<\/div>\n\t\t\t\t\t<\/div>\n\t\t<\/div>\n\t\t\t\t\t<\/div>\n\t\t<\/section>\n\t\t\t\t<section class=\"elementor-section elementor-top-section elementor-element elementor-element-0aed8b0 elementor-section-boxed elementor-section-height-default elementor-section-height-default\" data-id=\"0aed8b0\" data-element_type=\"section\">\n\t\t\t\t\t\t<div class=\"elementor-container elementor-column-gap-default\">\n\t\t\t\t\t<div class=\"elementor-column elementor-col-100 elementor-top-column elementor-element elementor-element-3ed58de\" data-id=\"3ed58de\" data-element_type=\"column\">\n\t\t\t<div class=\"elementor-widget-wrap elementor-element-populated\">\n\t\t\t\t\t\t<div class=\"elementor-element elementor-element-dc4695d elementor-widget elementor-widget-heading\" data-id=\"dc4695d\" data-element_type=\"widget\" data-widget_type=\"heading.default\">\n\t\t\t\t<div class=\"elementor-widget-container\">\n\t\t\t\t\t<h2 class=\"elementor-heading-title elementor-size-default\">O Ambiente<\/h2>\t\t\t\t<\/div>\n\t\t\t\t<\/div>\n\t\t\t\t\t<\/div>\n\t\t<\/div>\n\t\t\t\t\t<\/div>\n\t\t<\/section>\n\t\t\t\t<section class=\"elementor-section elementor-top-section elementor-element elementor-element-ffaa438 elementor-section-boxed elementor-section-height-default elementor-section-height-default\" data-id=\"ffaa438\" data-element_type=\"section\">\n\t\t\t\t\t\t<div class=\"elementor-container elementor-column-gap-default\">\n\t\t\t\t\t<div class=\"elementor-column elementor-col-100 elementor-top-column elementor-element elementor-element-d404208\" data-id=\"d404208\" data-element_type=\"column\">\n\t\t\t<div class=\"elementor-widget-wrap elementor-element-populated\">\n\t\t\t\t\t\t<div class=\"elementor-element elementor-element-f8343e6 elementor-arrows-position-inside elementor-pagination-position-outside elementor-widget elementor-widget-image-carousel\" data-id=\"f8343e6\" data-element_type=\"widget\" data-settings=\"{&quot;navigation&quot;:&quot;both&quot;,&quot;autoplay&quot;:&quot;yes&quot;,&quot;pause_on_hover&quot;:&quot;yes&quot;,&quot;pause_on_interaction&quot;:&quot;yes&quot;,&quot;autoplay_speed&quot;:5000,&quot;infinite&quot;:&quot;yes&quot;,&quot;speed&quot;:500}\" data-widget_type=\"image-carousel.default\">\n\t\t\t\t<div class=\"elementor-widget-container\">\n\t\t\t\t\t\t\t<div class=\"elementor-image-carousel-wrapper swiper\" role=\"region\" aria-roledescription=\"carousel\" aria-label=\"Carrossel de imagens\" dir=\"ltr\">\n\t\t\t<div class=\"elementor-image-carousel swiper-wrapper\" aria-live=\"off\">\n\t\t\t\t\t\t\t\t<div class=\"swiper-slide\" role=\"group\" aria-roledescription=\"slide\" aria-label=\"1 de 12\"><figure class=\"swiper-slide-inner\"><img decoding=\"async\" class=\"swiper-slide-image\" src=\"https:\/\/casademaria.org.br\/wp-content\/uploads\/elementor\/thumbs\/20190612_102133-qm35edmh0ml07ilj0hwmhi41y3v9xo2auugjphgk3c.jpg\" alt=\"20190612_102133\" \/><\/figure><\/div><div class=\"swiper-slide\" role=\"group\" aria-roledescription=\"slide\" aria-label=\"2 de 12\"><figure class=\"swiper-slide-inner\"><img decoding=\"async\" class=\"swiper-slide-image\" src=\"https:\/\/casademaria.org.br\/wp-content\/uploads\/elementor\/thumbs\/20190612_102237-qm35edmh0ml07ilj0hwmhi41y3v9xo2auugjphgk3c.jpg\" alt=\"20190612_102237\" \/><\/figure><\/div><div class=\"swiper-slide\" role=\"group\" aria-roledescription=\"slide\" aria-label=\"3 de 12\"><figure class=\"swiper-slide-inner\"><img decoding=\"async\" class=\"swiper-slide-image\" src=\"https:\/\/casademaria.org.br\/wp-content\/uploads\/elementor\/thumbs\/20190612_102257-qm35edmh0ml07ilj0hwmhi41y3v9xo2auugjphgk3c.jpg\" alt=\"20190612_102257\" \/><\/figure><\/div><div class=\"swiper-slide\" role=\"group\" aria-roledescription=\"slide\" aria-label=\"4 de 12\"><figure class=\"swiper-slide-inner\"><img decoding=\"async\" class=\"swiper-slide-image\" src=\"https:\/\/casademaria.org.br\/wp-content\/uploads\/elementor\/thumbs\/20190612_102213-qm35edmh0ml07ilj0hwmhi41y3v9xo2auugjphgk3c.jpg\" alt=\"20190612_102213\" \/><\/figure><\/div><div class=\"swiper-slide\" role=\"group\" aria-roledescription=\"slide\" aria-label=\"5 de 12\"><figure class=\"swiper-slide-inner\"><img decoding=\"async\" class=\"swiper-slide-image\" src=\"https:\/\/casademaria.org.br\/wp-content\/uploads\/elementor\/thumbs\/20190612_102329-qm35edmh0ml07ilj0hwmhi41y3v9xo2auugjphgk3c.jpg\" alt=\"20190612_102329\" \/><\/figure><\/div><div class=\"swiper-slide\" role=\"group\" aria-roledescription=\"slide\" aria-label=\"6 de 12\"><figure class=\"swiper-slide-inner\"><img decoding=\"async\" class=\"swiper-slide-image\" src=\"https:\/\/casademaria.org.br\/wp-content\/uploads\/elementor\/thumbs\/20190612_102315-qm35edmh0ml07ilj0hwmhi41y3v9xo2auugjphgk3c.jpg\" alt=\"20190612_102315\" \/><\/figure><\/div><div class=\"swiper-slide\" role=\"group\" aria-roledescription=\"slide\" aria-label=\"7 de 12\"><figure class=\"swiper-slide-inner\"><img decoding=\"async\" class=\"swiper-slide-image\" src=\"https:\/\/casademaria.org.br\/wp-content\/uploads\/elementor\/thumbs\/WhatsApp-Image-2018-09-19-at-16.01.18-qm35edmh0ml07ilj0hwmhi41y3v9xo2auugjphgk3c.jpeg\" alt=\"WhatsApp Image 2018-09-19 at 16.01.18\" \/><\/figure><\/div><div class=\"swiper-slide\" role=\"group\" aria-roledescription=\"slide\" aria-label=\"8 de 12\"><figure class=\"swiper-slide-inner\"><img decoding=\"async\" class=\"swiper-slide-image\" src=\"https:\/\/casademaria.org.br\/wp-content\/uploads\/elementor\/thumbs\/20190612_102751-qm35edmh0ml07ilj0hwmhi41y3v9xo2auugjphgk3c.jpg\" alt=\"20190612_102751\" \/><\/figure><\/div><div class=\"swiper-slide\" role=\"group\" aria-roledescription=\"slide\" aria-label=\"9 de 12\"><figure class=\"swiper-slide-inner\"><img decoding=\"async\" class=\"swiper-slide-image\" src=\"https:\/\/casademaria.org.br\/wp-content\/uploads\/elementor\/thumbs\/20190612_102358-qm35edmh0ml07ilj0hwmhi41y3v9xo2auugjphgk3c.jpg\" alt=\"20190612_102358\" \/><\/figure><\/div><div class=\"swiper-slide\" role=\"group\" aria-roledescription=\"slide\" aria-label=\"10 de 12\"><figure class=\"swiper-slide-inner\"><img decoding=\"async\" class=\"swiper-slide-image\" src=\"https:\/\/casademaria.org.br\/wp-content\/uploads\/elementor\/thumbs\/20190612_102551-qm35edmh0ml07ilj0hwmhi41y3v9xo2auugjphgk3c.jpg\" alt=\"20190612_102551\" \/><\/figure><\/div><div class=\"swiper-slide\" role=\"group\" aria-roledescription=\"slide\" aria-label=\"11 de 12\"><figure class=\"swiper-slide-inner\"><img decoding=\"async\" class=\"swiper-slide-image\" src=\"https:\/\/casademaria.org.br\/wp-content\/uploads\/elementor\/thumbs\/20190612_102533-qm35edmh0ml07ilj0hwmhi41y3v9xo2auugjphgk3c.jpg\" alt=\"20190612_102533\" \/><\/figure><\/div><div class=\"swiper-slide\" role=\"group\" aria-roledescription=\"slide\" aria-label=\"12 de 12\"><figure class=\"swiper-slide-inner\"><img decoding=\"async\" class=\"swiper-slide-image\" src=\"https:\/\/casademaria.org.br\/wp-content\/uploads\/elementor\/thumbs\/20190612_102505-qm35edmh0ml07ilj0hwmhi41y3v9xo2auugjphgk3c.jpg\" alt=\"20190612_102505\" \/><\/figure><\/div>\t\t\t<\/div>\n\t\t\t\t\t\t\t\t\t\t\t\t<div class=\"elementor-swiper-button elementor-swiper-button-prev\" role=\"button\" tabindex=\"0\">\n\t\t\t\t\t\t<i aria-hidden=\"true\" class=\"eicon-chevron-left\"><\/i>\t\t\t\t\t<\/div>\n\t\t\t\t\t<div class=\"elementor-swiper-button elementor-swiper-button-next\" role=\"button\" tabindex=\"0\">\n\t\t\t\t\t\t<i aria-hidden=\"true\" class=\"eicon-chevron-right\"><\/i>\t\t\t\t\t<\/div>\n\t\t\t\t\n\t\t\t\t\t\t\t\t\t<div class=\"swiper-pagination\"><\/div>\n\t\t\t\t\t\t\t\t\t<\/div>\n\t\t\t\t\t\t<\/div>\n\t\t\t\t<\/div>\n\t\t\t\t\t<\/div>\n\t\t<\/div>\n\t\t\t\t\t<\/div>\n\t\t<\/section>\n\t\t\t\t<section class=\"elementor-section elementor-top-section elementor-element elementor-element-bb0a40a elementor-section-boxed elementor-section-height-default elementor-section-height-default\" data-id=\"bb0a40a\" data-element_type=\"section\">\n\t\t\t\t\t\t<div class=\"elementor-container elementor-column-gap-default\">\n\t\t\t\t\t<div class=\"elementor-column elementor-col-100 elementor-top-column elementor-element elementor-element-9dbd887\" data-id=\"9dbd887\" data-element_type=\"column\">\n\t\t\t<div class=\"elementor-widget-wrap elementor-element-populated\">\n\t\t\t\t\t\t<div class=\"elementor-element elementor-element-35b1b9c elementor-widget-divider--view-line elementor-widget elementor-widget-divider\" data-id=\"35b1b9c\" data-element_type=\"widget\" data-widget_type=\"divider.default\">\n\t\t\t\t<div class=\"elementor-widget-container\">\n\t\t\t\t\t\t\t<div class=\"elementor-divider\">\n\t\t\t<span class=\"elementor-divider-separator\">\n\t\t\t\t\t\t<\/span>\n\t\t<\/div>\n\t\t\t\t\t\t<\/div>\n\t\t\t\t<\/div>\n\t\t\t\t<div class=\"elementor-element elementor-element-941a2b6 elementor-widget elementor-widget-heading\" data-id=\"941a2b6\" data-element_type=\"widget\" data-widget_type=\"heading.default\">\n\t\t\t\t<div class=\"elementor-widget-container\">\n\t\t\t\t\t<h2 class=\"elementor-heading-title elementor-size-default\">A Fundadora<\/h2>\t\t\t\t<\/div>\n\t\t\t\t<\/div>\n\t\t\t\t\t<\/div>\n\t\t<\/div>\n\t\t\t\t\t<\/div>\n\t\t<\/section>\n\t\t\t\t<section class=\"elementor-section elementor-top-section elementor-element elementor-element-c32c893 elementor-section-boxed elementor-section-height-default elementor-section-height-default\" data-id=\"c32c893\" data-element_type=\"section\">\n\t\t\t\t\t\t<div class=\"elementor-container elementor-column-gap-default\">\n\t\t\t\t\t<div class=\"elementor-column elementor-col-50 elementor-top-column elementor-element elementor-element-85f52ff\" data-id=\"85f52ff\" data-element_type=\"column\">\n\t\t\t<div class=\"elementor-widget-wrap elementor-element-populated\">\n\t\t\t\t\t\t<div class=\"elementor-element elementor-element-2c941af elementor-widget elementor-widget-image\" data-id=\"2c941af\" data-element_type=\"widget\" data-widget_type=\"image.default\">\n\t\t\t\t<div class=\"elementor-widget-container\">\n\t\t\t\t\t\t\t\t\t\t\t\t\t\t\t<img decoding=\"async\" src=\"https:\/\/casademaria.org.br\/wp-content\/uploads\/elementor\/thumbs\/20190612_112623-1-qm35edmdd29z7vhh420y9ox0dh171ybvleodd44p34.jpg\" title=\"20190612_112623\" alt=\"20190612_112623\" loading=\"lazy\" \/>\t\t\t\t\t\t\t\t\t\t\t\t\t\t\t<\/div>\n\t\t\t\t<\/div>\n\t\t\t\t<div class=\"elementor-element elementor-element-17d0b26 elementor-widget elementor-widget-text-editor\" data-id=\"17d0b26\" data-element_type=\"widget\" data-widget_type=\"text-editor.default\">\n\t\t\t\t<div class=\"elementor-widget-container\">\n\t\t\t\t\t\t\t\t\t<h5><em><strong>Maria Salette de Assis Silva<\/strong>,\u00a0<br \/>nasceu\u00a0<\/em><em>em Pernambuco<br \/>na cidade de Recife<\/em><\/h5>\t\t\t\t\t\t\t\t<\/div>\n\t\t\t\t<\/div>\n\t\t\t\t\t<\/div>\n\t\t<\/div>\n\t\t\t\t<div class=\"elementor-column elementor-col-50 elementor-top-column elementor-element elementor-element-df0c3c4\" data-id=\"df0c3c4\" data-element_type=\"column\">\n\t\t\t<div class=\"elementor-widget-wrap elementor-element-populated\">\n\t\t\t\t\t\t<div class=\"elementor-element elementor-element-8d8ab80 elementor-widget elementor-widget-text-editor\" data-id=\"8d8ab80\" data-element_type=\"widget\" data-widget_type=\"text-editor.default\">\n\t\t\t\t<div class=\"elementor-widget-container\">\n\t\t\t\t\t\t\t\t\t<p>Estudou na sua inf\u00e2ncia e adolesc\u00eancia no Col\u00e9gio Damas Crist\u00e3s em Recife-PE, onde teve um despertar para a espiritualidade crist\u00e3.<\/p><p>Cursou psicologia na Faculdade de Ci\u00eancias Humanas de Olinda, em Pernambuco, e Nutri\u00e7\u00e3o na Universidade de Guarulhos, em S\u00e3o Paulo.<\/p><p>Idealizadora dos \u201c<em><strong>Grupos Oficina de Emo\u00e7\u00f5es<\/strong><\/em>\u201d<em>\u00a0<\/em>que consistem em grupos\u00a0de\u00a0Apoio\u00a0Emocional onde, as pessoas realizam\u00a0uma caminhada de autoconhecimento, com objetivo de auxiliar na cura das feridas emocionais, superar traumas e melhorar o conv\u00edvio familiar e social.<\/p><p>Est\u00e1 na coordena\u00e7\u00e3o geral dos grupos\u00a0<span style=\"color: var( --e-global-color-text ); font-family: var( --e-global-typography-text-font-family ), Sans-serif; font-weight: var( --e-global-typography-text-font-weight );\">\u201c<\/span><em style=\"color: var( --e-global-color-text ); font-family: var( --e-global-typography-text-font-family ), Sans-serif; font-weight: var( --e-global-typography-text-font-weight );\"><strong>F\u00eanix \u2013 Pr\u00f3 Sa\u00fade Mental<\/strong><\/em><span style=\"color: var( --e-global-color-text ); font-family: var( --e-global-typography-text-font-family ), Sans-serif; font-weight: var( --e-global-typography-text-font-weight );\">\u201d cujo objetivo \u00e9 dar apoio \u00e0s pessoas com transtornos mentais e suas fam\u00edlias.<\/span><\/p><p>Escreveu diversos livros de autoconhecimento, traduzidos e publicados no M\u00e9xico, Espanha, Venezuela e Cor\u00e9ia do Sul.<\/p><p>Atualmente mora em S\u00e3o Paulo onde dedica-se \u00e0 cultura da paz, atrav\u00e9s de cursos, palestras, semin\u00e1rios, atendimentos individuais, inclusive em programas de TV e r\u00e1dio.<\/p>\t\t\t\t\t\t\t\t<\/div>\n\t\t\t\t<\/div>\n\t\t\t\t\t<\/div>\n\t\t<\/div>\n\t\t\t\t\t<\/div>\n\t\t<\/section>\n\t\t\t\t<\/div>\n\t\t","protected":false},"excerpt":{"rendered":"<p>Casa de Maria Embaixadora da Paz A Casa de Maria Embaixadora da Paz, \u00e9 uma associa\u00e7\u00e3o sem fins lucrativos, idealizada pela psic\u00f3loga e nutricionista, Dra. Maria Salette de Assis Silva, a fim de promover a CULTURA DA PAZ. N\u00f3s, da Casa de Maria Embaixadora da Paz, temos a miss\u00e3o de ajudar \u00e0s pessoas a encontrar &#8230; <a title=\"A Casa de Maria\" class=\"read-more\" href=\"https:\/\/casademaria.org.br\/index.php\/acasademaria-2\/\" aria-label=\"Read more about A Casa de Maria\">Ler mais<\/a><\/p>\n","protected":false},"author":1,"featured_media":0,"parent":0,"menu_order":0,"comment_status":"closed","ping_status":"closed","template":"","meta":{"footnotes":""},"_links":{"self":[{"href":"https:\/\/casademaria.org.br\/index.php\/wp-json\/wp\/v2\/pages\/921"}],"collection":[{"href":"https:\/\/casademaria.org.br\/index.php\/wp-json\/wp\/v2\/pages"}],"about":[{"href":"https:\/\/casademaria.org.br\/index.php\/wp-json\/wp\/v2\/types\/page"}],"author":[{"embeddable":true,"href":"https:\/\/casademaria.org.br\/index.php\/wp-json\/wp\/v2\/users\/1"}],"replies":[{"embeddable":true,"href":"https:\/\/casademaria.org.br\/index.php\/wp-json\/wp\/v2\/comments?post=921"}],"version-history":[{"count":10,"href":"https:\/\/casademaria.org.br\/index.php\/wp-json\/wp\/v2\/pages\/921\/revisions"}],"predecessor-version":[{"id":1811,"href":"https:\/\/casademaria.org.br\/index.php\/wp-json\/wp\/v2\/pages\/921\/revisions\/1811"}],"wp:attachment":[{"href":"https:\/\/casademaria.org.br\/index.php\/wp-json\/wp\/v2\/media?parent=921"}],"curies":[{"name":"wp","href":"https:\/\/api.w.org\/{rel}","templated":true}]}}